{"id":5360,"date":"2025-10-30T17:20:32","date_gmt":"2025-10-30T23:20:32","guid":{"rendered":"https:\/\/blogdefagro.com\/?page_id=5360"},"modified":"2025-10-30T17:20:32","modified_gmt":"2025-10-30T23:20:32","slug":"agroconocimiento-el-podcast-de-fagro","status":"publish","type":"page","link":"https:\/\/fagro.mx\/blog\/agroconocimiento-el-podcast-de-fagro\/","title":{"rendered":"Agroconocimiento \u2013 El Podcast de Fagro"},"content":{"rendered":"\n<p>En Fagro creemos que la productividad agr\u00edcola empieza con el conocimiento. Por eso, creamos <strong>Agroconocimiento \u2013 El Podcast de Fagro<\/strong>, un espacio donde la ciencia, la experiencia y la pasi\u00f3n por el campo se unen para impulsar una agricultura m\u00e1s eficiente, sustentable y rentable.<\/p>\n\n\n\n<p>Cada episodio es una conversaci\u00f3n directa con el productor, donde abordamos los temas que realmente impactan la producci\u00f3n d\u00eda a d\u00eda:<br>\ud83c\udf21\ufe0f <strong>Estr\u00e9s por bajas temperaturas<\/strong> y c\u00f3mo enfrentarlo.<br>\ud83c\udf31 <strong>Bioestimulaci\u00f3n y nutrici\u00f3n vegetal<\/strong>.<br>\ud83c\udf38 <strong>Floraci\u00f3n y equilibrio hormonal<\/strong> en las plantas.<br>\ud83c\udf45 <strong>Maduraci\u00f3n y calidad de fruto<\/strong>.<br>\ud83d\udd2c <strong>Innovaci\u00f3n y biotecnolog\u00eda aplicada al campo<\/strong>.<\/p>\n\n\n\n<p>Nuestro objetivo es sencillo: <strong>trasladar el conocimiento del laboratorio al campo<\/strong>, compartiendo informaci\u00f3n t\u00e9cnica de manera pr\u00e1ctica, entendible y \u00fatil para quienes viven de la agricultura.<\/p>\n\n\n\n<p>Con la conducci\u00f3n de <strong>Rodrigo Pedraza<\/strong>, Agroconocimiento se convierte en un punto de encuentro entre la ciencia y la experiencia. Aqu\u00ed hablamos de fisiolog\u00eda vegetal, nutrici\u00f3n, productividad y soluciones reales que ayudan a mantener los cultivos fuertes ante los retos del clima, el suelo y la econom\u00eda agr\u00edcola.<\/p>\n\n\n\n<figure class=\"wp-block-embed is-type-video is-provider-youtube wp-block-embed-youtube wp-embed-aspect-16-9 wp-has-aspect-ratio\"><div class=\"wp-block-embed__wrapper\">\n<iframe loading=\"lazy\" title=\"Capitulo 1. C\u00f3mo evitar que el fr\u00edo detenga tu cosecha.\" width=\"1200\" height=\"675\" src=\"https:\/\/www.youtube.com\/embed\/ZK2ZFs0IdxE?feature=oembed\" frameborder=\"0\" allow=\"accelerometer; autoplay; clipboard-write; encrypted-media; gyroscope; picture-in-picture; web-share\" referrerpolicy=\"strict-origin-when-cross-origin\" allowfullscreen><\/iframe>\n<\/div><\/figure>\n","protected":false},"excerpt":{"rendered":"<p>En Fagro creemos que la productividad agr\u00edcola empieza con el conocimiento. Por eso, creamos Agroconocimiento \u2013 El Podcast de Fagro, un espacio donde la ciencia, la experiencia y la pasi\u00f3n por el campo se unen para impulsar una agricultura m\u00e1s eficiente, sustentable y rentable. Cada episodio es una conversaci\u00f3n directa con el productor, donde abordamos &#8230; <a title=\"Agroconocimiento \u2013 El Podcast de Fagro\" class=\"read-more\" href=\"https:\/\/fagro.mx\/blog\/agroconocimiento-el-podcast-de-fagro\/\" aria-label=\"Leer m\u00e1s sobre Agroconocimiento \u2013 El Podcast de Fagro\">Leer m\u00e1s<\/a><\/p>\n","protected":false},"author":1,"featured_media":0,"parent":0,"menu_order":0,"comment_status":"closed","ping_status":"closed","template":"","meta":{"footnotes":""},"class_list":["post-5360","page","type-page","status-publish"],"_links":{"self":[{"href":"https:\/\/fagro.mx\/blog\/wp-json\/wp\/v2\/pages\/5360","targetHints":{"allow":["GET"]}}],"collection":[{"href":"https:\/\/fagro.mx\/blog\/wp-json\/wp\/v2\/pages"}],"about":[{"href":"https:\/\/fagro.mx\/blog\/wp-json\/wp\/v2\/types\/page"}],"author":[{"embeddable":true,"href":"https:\/\/fagro.mx\/blog\/wp-json\/wp\/v2\/users\/1"}],"replies":[{"embeddable":true,"href":"https:\/\/fagro.mx\/blog\/wp-json\/wp\/v2\/comments?post=5360"}],"version-history":[{"count":0,"href":"https:\/\/fagro.mx\/blog\/wp-json\/wp\/v2\/pages\/5360\/revisions"}],"wp:attachment":[{"href":"https:\/\/fagro.mx\/blog\/wp-json\/wp\/v2\/media?parent=5360"}],"curies":[{"name":"wp","href":"https:\/\/api.w.org\/{rel}","templated":true}]}}