{"id":9,"date":"2017-11-01T16:04:03","date_gmt":"2017-11-01T22:04:03","guid":{"rendered":"http:\/\/localhost\/blogfagro\/wordpress\/?page_id=9"},"modified":"2017-11-01T16:04:03","modified_gmt":"2017-11-01T22:04:03","slug":"home","status":"publish","type":"page","link":"https:\/\/fagro.mx\/blog\/home\/","title":{"rendered":"Acerca de nosotros"},"content":{"rendered":"<p><a href=\"https:\/\/fagro.mx\">Grupo Fagro<\/a> nace en 1995 con la misi\u00f3n de incorporar eco-tecnolog\u00edas agr\u00edcolas que permiten preservar el medio ambiente y obtener alimentos sanos para nuestra sociedad.<\/p>\n<p>Hoy nuestra misi\u00f3n va m\u00e1s all\u00e1, el reto es ayudar a los agricultores a integrar la cadena sustentable agroalimentaria y a producir con calidad de exportaci\u00f3n bajo nuestro modelo AVANTiA. Queremos lograr que los agricultores sean reconocidos por la calidad de sus cosechas cumpliendo los altos est\u00e1ndares de exportaci\u00f3n, preservando el medio ambiente.<\/p>\n<p>En grupo FAGRO contamos con una diversidad de productos, como Fertilizantes Org\u00e1nicos, Acondicionadores de Agua, Nutrici\u00f3n Vegetal y Plaguicidas, que pueden ayudarte a fortalecer tus cultivos.<\/p>\n<h2>Sitios Web del Grupo Fagro<\/h2>\n<p><a href=\"https:\/\/fagro.mx\/\" target=\"_blank\" rel=\"noopener noreferrer\">Fagro<\/a><\/p>\n<p>Fagro te brinda soluciones innovadoras en agricultura sostenible. Tecnolog\u00eda avanzada para la producci\u00f3n agr\u00edcola en M\u00e9xico. L\u00edder en insumos y servicios agr\u00edcolas desde 1995.<\/p>\n<p><a href=\"https:\/\/phsfagro.com\/\" target=\"_blank\" rel=\"noopener noreferrer\">PHS Fagro &#8211; Post Harvest Solutions<\/a><\/p>\n<p>PHS Fagro ofrece soluciones de postcosecha avanzadas con las l\u00edneas Clarity y PUREX, mejorando la calidad, seguridad y vida \u00fatil de frutas y verduras.<\/p>\n<p><a href=\"https:\/\/www.agricoladca.com\/\" target=\"_blank\" rel=\"noopener noreferrer\">DCA &#8211; Dispersora de cr\u00e9dito agr\u00edcola<\/a><\/p>\n<p>DCA ayuda al agricultor a realizar sus proyectos gestionando cr\u00e9ditos agr\u00edcolas.<\/p>\n<p><a href=\"https:\/\/biorganixlab.com\/\" target=\"_blank\" rel=\"noopener noreferrer\">Biorganix<\/a><\/p>\n<p>Biorganix es un laboratorio formado por un equipo multidisciplinario, expertos en bio-procesos seguros (fermentaciones, extracci\u00f3n). Hacemos aplicaciones efectivas y personalizadas de bio-mol\u00e9culas, en las industrias agr\u00edcola, cuidado personal y alimentos.<\/p>\n<p><a href=\"https:\/\/proroot.com.mx\/\" target=\"_blank\" rel=\"noopener\">Familia ProRoot<\/a><\/p>\n<p>La l\u00ednea de productos Familia Proroot de Fagro ofrece soluciones para el manejo completo de la riz\u00f3sfera, mejorando la salud y el rendimiento de los cultivos.<\/p>\n<p><a href=\"https:\/\/fagro.mx\/biotech-bmi\/\" target=\"_blank\" rel=\"noopener\"><strong>Biotech BMI<\/strong><\/a><\/p>\n<p>Descubre Biotech BMI, un poderoso insecticida biol\u00f3gico para control de plagas en agricultura y \u00e1reas urbanas. Basado en hongos entomopat\u00f3genos.<\/p>\n<p><a href=\"https:\/\/agronoblog.com\" target=\"_blank\" rel=\"noopener\">Blog<\/a><\/p>\n<p>El blog de Fagro. Art\u00edculos y noticias sobre agricultura.<\/p>\n<p><strong><a href=\"https:\/\/bodegascapellania.com.mx\/\" target=\"_blank\" rel=\"noopener\">Bodegas Capellania<\/a><\/strong><\/p>\n<p>Descubre Bodegas Capellan\u00eda, una vin\u00edcola mexicana en Pared\u00f3n, Coahuila, con tradici\u00f3n desde 1946. Degusta nuestras variedades: Malbec, Syrah, Merlot, Cabernet Sauvignon y Moscatel, elaboradas en la hist\u00f3rica Hacienda San Juan de Amargos.<\/p>\n\n\n<p><a href=\"http:\/\/neptunusbiotech.com\" target=\"_blank\" rel=\"noreferrer noopener\">Neptunus Biotech<\/a><\/p>\n\n\n\n<p> Neptunus Biotech est\u00e1 revolucionando la biotecnolog\u00eda marina con soluciones sostenibles basadas en microalgas para mejorar la calidad de vida y enfrentar desaf\u00edos globales. Explora nuestros bioestimulantes y la diversidad de aplicaciones de las microalgas.<\/p>\n","protected":false},"excerpt":{"rendered":"<p>Grupo Fagro nace en 1995 con la misi\u00f3n de incorporar eco-tecnolog\u00edas agr\u00edcolas que permiten preservar el medio ambiente y obtener alimentos sanos para nuestra sociedad. Hoy nuestra misi\u00f3n va m\u00e1s all\u00e1, el reto es ayudar a los agricultores a integrar la cadena sustentable agroalimentaria y a producir con calidad de exportaci\u00f3n bajo nuestro modelo AVANTiA. &#8230; <a title=\"Acerca de nosotros\" class=\"read-more\" href=\"https:\/\/fagro.mx\/blog\/home\/\" aria-label=\"Leer m\u00e1s sobre Acerca de nosotros\">Leer m\u00e1s<\/a><\/p>\n","protected":false},"author":1,"featured_media":22,"parent":0,"menu_order":0,"comment_status":"closed","ping_status":"closed","template":"","meta":{"footnotes":""},"class_list":["post-9","page","type-page","status-publish","has-post-thumbnail"],"_links":{"self":[{"href":"https:\/\/fagro.mx\/blog\/wp-json\/wp\/v2\/pages\/9","targetHints":{"allow":["GET"]}}],"collection":[{"href":"https:\/\/fagro.mx\/blog\/wp-json\/wp\/v2\/pages"}],"about":[{"href":"https:\/\/fagro.mx\/blog\/wp-json\/wp\/v2\/types\/page"}],"author":[{"embeddable":true,"href":"https:\/\/fagro.mx\/blog\/wp-json\/wp\/v2\/users\/1"}],"replies":[{"embeddable":true,"href":"https:\/\/fagro.mx\/blog\/wp-json\/wp\/v2\/comments?post=9"}],"version-history":[{"count":0,"href":"https:\/\/fagro.mx\/blog\/wp-json\/wp\/v2\/pages\/9\/revisions"}],"wp:featuredmedia":[{"embeddable":true,"href":"https:\/\/fagro.mx\/blog\/wp-json\/wp\/v2\/media\/22"}],"wp:attachment":[{"href":"https:\/\/fagro.mx\/blog\/wp-json\/wp\/v2\/media?parent=9"}],"curies":[{"name":"wp","href":"https:\/\/api.w.org\/{rel}","templated":true}]}}